{"id":10,"date":"2023-11-17T19:03:06","date_gmt":"2023-11-17T19:03:06","guid":{"rendered":"https:\/\/bunt.rs\/bt11\/?page_id=10"},"modified":"2023-11-17T19:48:45","modified_gmt":"2023-11-17T19:48:45","slug":"10-2","status":"publish","type":"page","link":"https:\/\/bunt.rs\/bt11\/","title":{"rendered":"BUNT"},"content":{"rendered":"\n<figure class=\"wp-block-image size-large\"><img loading=\"lazy\" decoding=\"async\" width=\"1024\" height=\"576\" src=\"https:\/\/bunt.rs\/bt11\/wp-content\/uploads\/2023\/11\/Plakati_Bunt_11.0_2023-16-9_CIR_1920-1024x576.jpg\" alt=\"\" class=\"wp-image-11\" srcset=\"https:\/\/bunt.rs\/bt11\/wp-content\/uploads\/2023\/11\/Plakati_Bunt_11.0_2023-16-9_CIR_1920-1024x576.jpg 1024w, https:\/\/bunt.rs\/bt11\/wp-content\/uploads\/2023\/11\/Plakati_Bunt_11.0_2023-16-9_CIR_1920-300x169.jpg 300w, https:\/\/bunt.rs\/bt11\/wp-content\/uploads\/2023\/11\/Plakati_Bunt_11.0_2023-16-9_CIR_1920-768x432.jpg 768w, https:\/\/bunt.rs\/bt11\/wp-content\/uploads\/2023\/11\/Plakati_Bunt_11.0_2023-16-9_CIR_1920-1536x864.jpg 1536w, https:\/\/bunt.rs\/bt11\/wp-content\/uploads\/2023\/11\/Plakati_Bunt_11.0_2023-16-9_CIR_1920-1000x563.jpg 1000w, https:\/\/bunt.rs\/bt11\/wp-content\/uploads\/2023\/11\/Plakati_Bunt_11.0_2023-16-9_CIR_1920-230x129.jpg 230w, https:\/\/bunt.rs\/bt11\/wp-content\/uploads\/2023\/11\/Plakati_Bunt_11.0_2023-16-9_CIR_1920-350x197.jpg 350w, https:\/\/bunt.rs\/bt11\/wp-content\/uploads\/2023\/11\/Plakati_Bunt_11.0_2023-16-9_CIR_1920-480x270.jpg 480w, https:\/\/bunt.rs\/bt11\/wp-content\/uploads\/2023\/11\/Plakati_Bunt_11.0_2023-16-9_CIR_1920.jpg 1920w\" sizes=\"auto, (max-width: 1024px) 100vw, 1024px\" \/><\/figure>\n\n\n\n\n<h1 style=\"text-align: center;\"><strong>BUNT 11.0<\/strong><\/h1>\n<p>\u00a0<\/p>\n<h3><strong>Nedelja. \/ 19.11. \/ 11h \/ Kolarac\u00a0<\/strong><\/h3>\n<h4><strong>OTVARANJE BUNT festivala<\/strong><\/h4>\n<h4>Mokranjac u novom ruhu 1.0<\/h4>\n<h4>Easter European Bass Ensemble<\/h4>\n<p><strong>Jo\u0161t Lampret, Stevan Jovanovi\u0107, Urban \u010cefarin, Nejc Klun, Veljko Stankovi\u0107<\/strong><\/p>\n<p>\u00a0<\/p>\n<p style=\"padding-left: 40px;\"><em><strong>I. \u010cajkovski<\/strong>: Heruvimska himna (aran\u017eman Jo\u0161t Lampret)<\/em><\/p>\n<p style=\"padding-left: 40px;\"><em><strong>St. Mokranjac<\/strong>: XV. Rukovet &#8211; \u201cPesme iz Makedonije\u201d (ar. Zoran Markovi\u0107)<\/em><\/p>\n<p style=\"padding-left: 40px;\"><em><strong>I. \u010cajkovski<\/strong>: Kukavica (ar. Jo\u0161t Lampret)<\/em><\/p>\n<p style=\"padding-left: 40px;\"><em><strong>G. \u010cesnekov<\/strong>: Tebe poem (ar. Jo\u0161t Lampret)<\/em><\/p>\n<p style=\"padding-left: 40px;\"><em><strong>St. Mokranjac<\/strong>: VI. Rukovet &#8211; \u201cHajduk Veljko\u201d (ar. Zoran Markovi\u0107)<\/em><\/p>\n<p style=\"padding-left: 40px;\"><em><strong>St. Mokranjac<\/strong>: Heruvimska pesma (ar. Zoran Markovi\u0107)<\/em><\/p>\n<p style=\"padding-left: 40px;\"><em><strong>St. Mokranjac<\/strong>: Tebe poem (ar. Zoran Markovi\u0107)<\/em><\/p>\n<p style=\"padding-left: 40px;\"><em><strong>Slovena\u010dka narodna<\/strong>: \u201cPastir\u010de mlado\u201d (ar. Jo\u0161t Lampret)<\/em><\/p>\n<p style=\"padding-left: 40px;\"><em><strong>Kre\u010di\u010d<\/strong>: \u201cV\u00f6ra Bije\u201d (ar. Jo\u0161t Lampret)<\/em><\/p>\n<p style=\"padding-left: 40px;\"><em><strong>St. Mokranjac<\/strong>: Madjarske narodne pesme (ar. Jo\u0161t Lampret)<\/em><\/p>\n<p style=\"padding-left: 40px;\"><em><strong>Banariuc<\/strong>: \u201cNa putu ku\u0107i\u201d (ar. Jo\u0161t Lampret)<\/em><\/p>\n<p style=\"padding-left: 40px;\"><em><strong>P. Stoican<\/strong>: \u201cGaemparalele\u201d (ar. Jo\u0161t Lampret)<\/em><\/p>\n<p>\u00a0<\/p>\n<h3><strong>Nedelja \/ 3.12. \/ 20h \/ Kolarac<\/strong><\/h3>\n<h5><strong>cena ulaznica: 1000&amp;1500 din.<\/strong><\/h5>\n<h4><strong>\u201cBUNT MARATON ZVEZDA\u201d<\/strong><\/h4>\n<p><strong>Slowind, Slovenija<\/strong><\/p>\n<p style=\"padding-left: 40px;\"><em>Ale\u0161 Kacjan, flauta, Matej \u0160arc, oboa, Jurij Jenko, klarinet, Metod Tomac, horna, Paolo Calligaris, fagot<\/em><\/p>\n<p><strong>Pedja Mu\u017eijevi\u0107, klavir, USA<\/strong><\/p>\n<p><strong>Karl Heinz Sch\u00fctz, flauta, Austrija\u00a0<\/strong><\/p>\n<p style=\"padding-left: 40px;\"><em>Roussel : Divertissement Op6. za duva\u010dki kvintet i klavir<\/em><\/p>\n<p style=\"padding-left: 40px;\"><em>Nina \u0160enk : Silhouettes and Shadows<\/em><\/p>\n<p style=\"padding-left: 40px;\"><em>Dejan Despi\u0107: A cinque<\/em>\u00a0<\/p>\n<p style=\"padding-left: 80px;\">Intrada &#8211; Mascia &#8211; Pastorale &#8211; Scherzo &#8211; Ostinato &#8211; Danza &#8211; Moto perpetuo<\/p>\n<p><strong>Hommage \u00e0 Mixtape<\/strong><\/p>\n<p><strong>Pedja Mu\u017eijevi\u0107, klavir<\/strong><\/p>\n<p style=\"padding-left: 40px;\"><em>(kompilacija pesama iz raznih izvora)<\/em><\/p>\n<p style=\"padding-left: 80px;\"><em><strong>C.P.E. Bach<\/strong>: Allegro assai ma pomposo iz Sonate u c molu, Wq. 65\/31 (1757)<\/em><\/p>\n<p style=\"padding-left: 80px;\"><em><strong>Silvestrov<\/strong>: \u010cetiri komada (Valcer, Pastorala, Serenada i Valcer trenutka), op. 305 (2021)<\/em><\/p>\n<p style=\"padding-left: 80px;\"><em><strong>C.P.E. Bach<\/strong>: Allegro scherzando iz Sonate u c molu, Wq. 65\/31 (1757)<\/em><\/p>\n<p style=\"padding-left: 80px;\"><em><strong>Spears<\/strong>: \u010cetvrtak ujutro iz Sedam dana (2020)<\/em><\/p>\n<p style=\"padding-left: 80px;\"><em><strong>Feldman<\/strong>: Pauza I (1950)<\/em><\/p>\n<p style=\"padding-left: 80px;\"><em><strong>Ravel<\/strong>: Tu\u017ene ptice iz Ogledala (1905)<\/em><\/p>\n<p style=\"padding-left: 80px;\"><em><strong>Spears<\/strong>: Petak poslepodne iz Sedam dana (2020)<\/em><\/p>\n<p style=\"padding-left: 80px;\"><em><strong>Haydn<\/strong>: Allegro iz Sonate u Es duru, Hob. XVI\/52 (1794)<\/em><\/p>\n<p style=\"padding-left: 80px;\"><em><strong>Crumb<\/strong>: Pastorala (iz Kraljevine Atlantis, oko 10,000 B.C.) (1972)<\/em><\/p>\n<p style=\"padding-left: 80px;\"><em><strong>Cowell<\/strong>: Eolska harfa (1923)<\/em><\/p>\n<p style=\"padding-left: 80px;\"><em><strong>Haydn<\/strong>: Presto iz Sonate u Es duru, Hob. XVI:52 (1794)<\/em><\/p>\n<p style=\"padding-left: 80px;\"><em><strong>F. Poulenc<\/strong> : Sextet za duva\u010dki kvintet i klavir Op.100<\/em><\/p>\n<p style=\"padding-left: 120px;\"><em>Allegro vivace.Tres vite et emporte &#8211; Divertissement.Andantino &#8211; Finale.Prestissimo<\/em><\/p>\n<p style=\"padding-left: 40px;\"><em><strong>V. Beethoven<\/strong>: Serenada za flautu i klavir op. 41<\/em><\/p>\n<p style=\"padding-left: 120px;\"><em>Entrata-allegro &#8211; Tempo ordinario d\u2019un menuetto &#8211; Molto allegro &#8211; Andante con variazioni &#8211; Allegro, scherzando e vivace &#8211; Adagio &#8211; Allegro vivace<\/em><\/p>\n<p style=\"padding-left: 40px;\"><em><strong>Willi<\/strong>: Piece for flute solo<\/em><\/p>\n<p style=\"padding-left: 40px;\"><em><strong>Prokofiev<\/strong>: Sonata D-dur op. 94, flautu i klavir<\/em><\/p>\n<p style=\"padding-left: 80px;\"><em>Moderato-Scherzo-Andante-Allegro con brio<\/em><\/p>\n<p>\u00a0<\/p>\n<h3><strong>Petak \/ 22.12. \/ 19h \/ Legat Slavenski<\/strong><\/h3>\n<p><strong>Viktor Lazarov, klavir, Kanada<\/strong><\/p>\n<p style=\"padding-left: 40px;\"><em>Savremena srpska muzika u kontekstu kompozitora iz dijaspore<\/em><\/p>\n<p>\u00a0<\/p>\n<h3><strong>Subota, 23.12. \/ 16h &amp; 18h \/ Zvezdara teatar\u00a0<\/strong><\/h3>\n<h5><strong>cena ulaznica 600 din<\/strong><\/h5>\n<h4><strong>\u201cDan Damjana Dikli\u0107a\u201d<\/strong><\/h4>\n<p><strong>\u201cNevidljive niti jedne flaute\u201d<\/strong><\/p>\n<p style=\"padding-left: 40px;\"><em>Projekat Katarine Milo\u0161evi\u0107 \u201cZbirka za male flautiste\u201d, nove kompozicije za decu srpskih autora<\/em><\/p>\n<p><strong>Koncert \u201cZajedno\u201d<\/strong><\/p>\n<p style=\"padding-left: 40px;\"><em><strong>Petar Jovanovi\u0107<\/strong>: Opera za decu CRVENKAPA<\/em><\/p>\n<p style=\"padding-left: 80px;\"><em>U\u010denici Umetni\u010dke \u0161kole ,,Stevan Mokranjac &#8221; iz Negotina &#8211; Udru\u017eenje <\/em><em>\u201cNebograd\u201d<\/em><\/p>\n<p>\u00a0<\/p>\n<h3><strong>Nedelja \/ 24.12. \/ 20h \/ Dvorana Lola<\/strong><\/h3>\n<h4><strong>Mokranjac u novom ruhu 2.0<\/strong><\/h4>\n<p><strong>Flautino Lola klasik<\/strong><\/p>\n<p><strong>Umetni\u010dki rukovodilac: Ljubi\u0161a Jovanovi\u0107<\/strong><\/p>\n<p style=\"padding-left: 40px;\"><em>Milan Mihajlovi\u0107, Branka Popovi\u0107, Milana Stojadinovi\u0107-Mili\u0107, Ivana Stefanovi\u0107, Aleksandra Vrebalov<\/em><\/p>","protected":false},"excerpt":{"rendered":"<p>BUNT 11.0 \u00a0 Nedelja. \/ 19.11. \/ 11h \/ Kolarac\u00a0 OTVARANJE BUNT festivala Mokranjac u novom ruhu 1.0 Easter European Bass Ensemble [&hellip;]<\/p>\n","protected":false},"author":1,"featured_media":0,"parent":0,"menu_order":0,"comment_status":"closed","ping_status":"closed","template":"page-templates\/page_fullwidth.php","meta":{"footnotes":""},"class_list":["post-10","page","type-page","status-publish","hentry"],"_links":{"self":[{"href":"https:\/\/bunt.rs\/bt11\/index.php?rest_route=\/wp\/v2\/pages\/10","targetHints":{"allow":["GET"]}}],"collection":[{"href":"https:\/\/bunt.rs\/bt11\/index.php?rest_route=\/wp\/v2\/pages"}],"about":[{"href":"https:\/\/bunt.rs\/bt11\/index.php?rest_route=\/wp\/v2\/types\/page"}],"author":[{"embeddable":true,"href":"https:\/\/bunt.rs\/bt11\/index.php?rest_route=\/wp\/v2\/users\/1"}],"replies":[{"embeddable":true,"href":"https:\/\/bunt.rs\/bt11\/index.php?rest_route=%2Fwp%2Fv2%2Fcomments&post=10"}],"version-history":[{"count":4,"href":"https:\/\/bunt.rs\/bt11\/index.php?rest_route=\/wp\/v2\/pages\/10\/revisions"}],"predecessor-version":[{"id":20,"href":"https:\/\/bunt.rs\/bt11\/index.php?rest_route=\/wp\/v2\/pages\/10\/revisions\/20"}],"wp:attachment":[{"href":"https:\/\/bunt.rs\/bt11\/index.php?rest_route=%2Fwp%2Fv2%2Fmedia&parent=10"}],"curies":[{"name":"wp","href":"https:\/\/api.w.org\/{rel}","templated":true}]}}