{"id":17,"date":"2023-11-17T19:09:06","date_gmt":"2023-11-17T19:09:06","guid":{"rendered":"https:\/\/bunt.rs\/bt11\/?page_id=17"},"modified":"2023-11-17T19:09:06","modified_gmt":"2023-11-17T19:09:06","slug":"o-nama","status":"publish","type":"page","link":"https:\/\/bunt.rs\/bt11\/?page_id=17","title":{"rendered":"O nama"},"content":{"rendered":"\n<p><strong>Ljubi\u0161a Jovanovi\u0107<\/strong><br><em>Predsednik\/ President<\/em><br>e-mail:&nbsp;<a href=\"mailto:ljubisa.flauta@gmail.com\">ljubisa.flauta@gmail.com<\/a><br>mobile: +381 65 2241 594<br><a href=\"http:\/\/www.ljubisaorfej.com\/\" target=\"_blank\" rel=\"noreferrer noopener\">www.ljubisaorfej.com<\/a><\/p>\n\n\n\n<p><strong>Nade\u017eda Ga\u0107e,<br><\/strong><em>\u010clan upravnog odbora<\/em><\/p>\n\n\n\n<p><strong>Peca Popovi\u0107<br><\/strong><em>\u010clan upravnog odbora<\/em><\/p>\n\n\n\n<p><strong>Ivana Stefanovi\u0107<\/strong><br><em>Programski savetnik<\/em><\/p>\n\n\n\n<p><strong>Sne\u017eana Radosavljevi\u0107<\/strong><br><em>Odnosi s javno\u0161\u0107u \/ Public relations<\/em><\/p>\n\n\n\n<p><strong>Jelena Radojkovi\u0107<\/strong><br><em>Project Manager<\/em><br>e-mail:&nbsp;<em><a href=\"mailto:radojkovicc@gmail.com\">radojkovicc@gmail.com<\/a><\/em><\/p>\n\n\n\n<p><strong>Sini\u0161a Suboti\u0107<\/strong><br><em>Dizajner\/Designer<\/em><br>e-mail:<a href=\"mailto:subsinus@gmail.com\">&nbsp;subsinus@gmail.com<\/a><br>mobile: +381 64 3826 575<\/p>\n\n\n\n<p><strong>Milan Ba\u0161i\u0107<\/strong><br><em>Web administrator\/Web Admin<\/em><br>e-mail:&nbsp;<a href=\"mailto:buntadm@gmail.com\">buntadm@gmail.com<\/a><\/p>\n","protected":false},"excerpt":{"rendered":"<p>Ljubi\u0161a Jovanovi\u0107Predsednik\/ Presidente-mail:&nbsp;ljubisa.flauta@gmail.commobile: +381 65 2241 594www.ljubisaorfej.com Nade\u017eda Ga\u0107e,\u010clan upravnog odbora Peca Popovi\u0107\u010clan upravnog odbora Ivana Stefanovi\u0107Programski savetnik Sne\u017eana Radosavljevi\u0107Odnosi s javno\u0161\u0107u [&hellip;]<\/p>\n","protected":false},"author":1,"featured_media":0,"parent":0,"menu_order":0,"comment_status":"closed","ping_status":"closed","template":"","meta":{"footnotes":""},"class_list":["post-17","page","type-page","status-publish","hentry"],"_links":{"self":[{"href":"https:\/\/bunt.rs\/bt11\/index.php?rest_route=\/wp\/v2\/pages\/17","targetHints":{"allow":["GET"]}}],"collection":[{"href":"https:\/\/bunt.rs\/bt11\/index.php?rest_route=\/wp\/v2\/pages"}],"about":[{"href":"https:\/\/bunt.rs\/bt11\/index.php?rest_route=\/wp\/v2\/types\/page"}],"author":[{"embeddable":true,"href":"https:\/\/bunt.rs\/bt11\/index.php?rest_route=\/wp\/v2\/users\/1"}],"replies":[{"embeddable":true,"href":"https:\/\/bunt.rs\/bt11\/index.php?rest_route=%2Fwp%2Fv2%2Fcomments&post=17"}],"version-history":[{"count":1,"href":"https:\/\/bunt.rs\/bt11\/index.php?rest_route=\/wp\/v2\/pages\/17\/revisions"}],"predecessor-version":[{"id":18,"href":"https:\/\/bunt.rs\/bt11\/index.php?rest_route=\/wp\/v2\/pages\/17\/revisions\/18"}],"wp:attachment":[{"href":"https:\/\/bunt.rs\/bt11\/index.php?rest_route=%2Fwp%2Fv2%2Fmedia&parent=17"}],"curies":[{"name":"wp","href":"https:\/\/api.w.org\/{rel}","templated":true}]}}